{"id":184,"date":"2026-02-25T15:20:23","date_gmt":"2026-02-25T15:20:23","guid":{"rendered":"https:\/\/ddiamondart.com\/?page_id=184"},"modified":"2026-04-11T15:04:32","modified_gmt":"2026-04-11T15:04:32","slug":"about","status":"publish","type":"page","link":"https:\/\/ddiamondart.com\/it\/about\/","title":{"rendered":"CHI SONO"},"content":{"rendered":"<div data-elementor-type=\"wp-page\" data-elementor-id=\"184\" class=\"elementor elementor-184\" data-elementor-post-type=\"page\">\n\t\t\t\t<div class=\"elementor-element elementor-element-334d2f8 e-con-full e-flex e-con e-parent\" data-id=\"334d2f8\" data-element_type=\"container\" data-e-type=\"container\">\n\t\t\t\t<div class=\"elementor-element elementor-element-9704a40 elementor-widget elementor-widget-heading\" data-id=\"9704a40\" data-element_type=\"widget\" data-e-type=\"widget\" data-settings=\"{&quot;_animation_mobile&quot;:&quot;slideInUp&quot;}\" data-widget_type=\"heading.default\">\n\t\t\t\t\t<h1 class=\"elementor-heading-title elementor-size-default\">CHI SONO<\/h1>\t\t\t\t<\/div>\n\t\t\t\t<div class=\"elementor-element elementor-element-92747e8 elementor-fixed elementor-hidden-desktop elementor-hidden-tablet elementor-widget elementor-widget-shortcode\" data-id=\"92747e8\" data-element_type=\"widget\" data-e-type=\"widget\" data-settings=\"{&quot;_position&quot;:&quot;fixed&quot;}\" data-widget_type=\"shortcode.default\">\n\t\t\t\t\t\t\t<div class=\"elementor-shortcode\"><div class=\"trp-shortcode-switcher__wrapper\"\r\n     style=\"--bg:#0a0a0a;--bg-hover:#0000000d;--text:#c6a84e;--text-hover:#c6a84e;--border:1px solid #1438521a;--border-width:1px;--border-color:#1438521a;--border-radius:20px;--flag-radius:2px;--flag-size:20px;--aspect-ratio:1;--font-size:16px;--transition-duration:0.2s\"\r\n     role=\"group\"\r\n     data-open-mode=\"hover\">\r\n\r\n    \r\n        <!-- Opposite mode: render ONLY the in-flow (relative) element so it holds space -->\r\n        <div class=\"trp-language-switcher trp-ls-dropdown trp-shortcode-switcher trp-shortcode-anchor trp-open-on-hover trp-opposite-button\"\r\n             role=\"navigation\"\r\n             aria-label=\"Website language selector\"\r\n             data-no-translation>\r\n                <div class=\"trp-current-language-item__wrapper trp-hide-arrow\">\r\n        <a class=\"trp-language-item trp-language-item__default\" data-no-translation href=\"https:\/\/ddiamondart.com\/it\/wp-json\/wp\/v2\/pages\/184\" title=\"EN\"><span class=\"trp-language-item-name\">EN<\/span><\/a>            <\/div>\r\n            <\/div>\r\n\r\n    <\/div>\r\n<\/div>\n\t\t\t\t\t\t<\/div>\n\t\t\t\t<\/div>\n\t\t<div class=\"elementor-element elementor-element-32798a3 elementor-hidden-mobile e-flex e-con-boxed e-con e-parent\" data-id=\"32798a3\" data-element_type=\"container\" data-e-type=\"container\">\n\t\t\t\t\t<div class=\"e-con-inner\">\n\t\t<div class=\"elementor-element elementor-element-f899e78 e-con-full e-flex e-con e-child\" data-id=\"f899e78\" data-element_type=\"container\" data-e-type=\"container\">\n\t\t\t\t<div class=\"elementor-element elementor-element-e6e9701 elementor-hidden-mobile elementor-widget elementor-widget-text-editor\" data-id=\"e6e9701\" data-element_type=\"widget\" data-e-type=\"widget\" data-widget_type=\"text-editor.default\">\n\t\t\t\t\t\t\t\t\t<p>Sono cresciuta circondata dall\u2019arte.<\/p><p>Mia madre e mia nonna hanno sempre amato dipingere, esprimendosi attraverso una pittura pi\u00f9 classica e tradizionale.<\/p><p>Fin da piccola ho respirato quella sensibilit\u00e0 per il colore, per la materia e per la bellezza di un gesto creativo.<\/p><p>Nel tempo ho compreso che, pur partendo da quelle radici, il mio linguaggio apparteneva a una visione diversa: pi\u00f9 istintiva, pi\u00f9 libera, pi\u00f9 profondamente personale.<\/p><p>Ho sempre percepito l\u2019arte come una forma di meraviglia assoluta, qualcosa di capace di catturare lo sguardo e lasciare un segno nell\u2019anima.<\/p><p>A un certo punto ho intuito che l\u2019elemento pi\u00f9 distintivo della mia identit\u00e0 visiva risiedeva proprio nei miei piedi tatuati, sempre curati, smaltati e fortemente espressivi.<\/p><p>L\u2019idea di immergerli nel colore e lasciare che il movimento trasformasse ogni gesto in impronta mi \u00e8 apparsa immediatamente come qualcosa di profondamente magnetico.<\/p><p>Cos\u00ec ho scelto di reinterpretare l\u2019arte a modo mio.<\/p><p>Non attraverso il pennello tradizionale, ma attraverso il corpo, il movimento e l\u2019unicit\u00e0 del gesto.<\/p><p>Ogni opera nasce da un momento reale e irripetibile, dove eleganza, istinto e materia si fondono sulla tela.<\/p><p>Ogni opera \u00e8 accompagnata da un certificato di autenticit\u00e0 e da un video esclusivo che ne racconta la creazione.<\/p>\t\t\t\t\t\t\t\t<\/div>\n\t\t\t\t<\/div>\n\t\t<div class=\"elementor-element elementor-element-940a906 e-con-full e-flex e-con e-child\" data-id=\"940a906\" data-element_type=\"container\" data-e-type=\"container\">\n\t\t\t\t<div class=\"elementor-element elementor-element-daec2a9 elementor-widget elementor-widget-image\" data-id=\"daec2a9\" data-element_type=\"widget\" data-e-type=\"widget\" data-widget_type=\"image.default\">\n\t\t\t\t\t\t\t\t\t\t\t\t\t\t\t<img decoding=\"async\" src=\"https:\/\/ddiamondart.com\/wp-content\/uploads\/elementor\/thumbs\/unnamed-2444-rles4v1a436swh2bdvq8ajfuswawzm2g95mai1cb54.png\" title=\"unnamed (2444\" alt=\"unnamed (2444\" loading=\"lazy\" \/>\t\t\t\t\t\t\t\t\t\t\t\t\t\t\t<\/div>\n\t\t\t\t<\/div>\n\t\t\t\t\t<\/div>\n\t\t\t\t<\/div>\n\t\t<div class=\"elementor-element elementor-element-f563c50 elementor-hidden-desktop elementor-hidden-tablet e-flex e-con-boxed e-con e-parent\" data-id=\"f563c50\" data-element_type=\"container\" data-e-type=\"container\" data-settings=\"{&quot;background_background&quot;:&quot;classic&quot;}\">\n\t\t\t\t\t<div class=\"e-con-inner\">\n\t\t\t\t<div class=\"elementor-element elementor-element-aae2847 elementor-widget elementor-widget-text-editor\" data-id=\"aae2847\" data-element_type=\"widget\" data-e-type=\"widget\" data-widget_type=\"text-editor.default\">\n\t\t\t\t\t\t\t\t\t<p>Sono cresciuta circondata dall\u2019arte.<\/p><p>Mia madre e mia nonna hanno sempre amato dipingere, esprimendosi attraverso una pittura pi\u00f9 classica e tradizionale.<\/p><p>Fin da piccola ho respirato quella sensibilit\u00e0 per il colore, per la materia e per la bellezza di un gesto creativo.<\/p><p>Nel tempo ho compreso che, pur partendo da quelle radici, il mio linguaggio apparteneva a una visione diversa: pi\u00f9 istintiva, pi\u00f9 libera, pi\u00f9 profondamente personale.<\/p><p>Ho sempre percepito l\u2019arte come una forma di meraviglia assoluta, qualcosa di capace di catturare lo sguardo e lasciare un segno nell\u2019anima.<\/p><p>A un certo punto ho intuito che l\u2019elemento pi\u00f9 distintivo della mia identit\u00e0 visiva risiedeva proprio nei miei piedi tatuati, sempre curati, smaltati e fortemente espressivi.<\/p><p>L\u2019idea di immergerli nel colore e lasciare che il movimento trasformasse ogni gesto in impronta mi \u00e8 apparsa immediatamente come qualcosa di profondamente magnetico.<\/p><p>Cos\u00ec ho scelto di reinterpretare l\u2019arte a modo mio.<\/p><p>Non attraverso il pennello tradizionale, ma attraverso il corpo, il movimento e l\u2019unicit\u00e0 del gesto.<\/p><p>Ogni opera nasce da un momento reale e irripetibile, dove eleganza, istinto e materia si fondono sulla tela.<\/p><p>Ogni opera \u00e8 accompagnata da un certificato di autenticit\u00e0 e da un video esclusivo che ne racconta la creazione.<\/p>\t\t\t\t\t\t\t\t<\/div>\n\t\t\t\t\t<\/div>\n\t\t\t\t<\/div>\n\t\t<div class=\"elementor-element elementor-element-9222b80 elementor-hidden-desktop elementor-hidden-tablet e-flex e-con-boxed e-con e-parent\" data-id=\"9222b80\" data-element_type=\"container\" data-e-type=\"container\">\n\t\t\t\t\t<div class=\"e-con-inner\">\n\t\t\t\t<div class=\"elementor-element elementor-element-406099f elementor-widget elementor-widget-text-editor\" data-id=\"406099f\" data-element_type=\"widget\" data-e-type=\"widget\" data-widget_type=\"text-editor.default\">\n\t\t\t\t\t\t\t\t\t<p><span style=\"font-style: inherit; font-weight: inherit;\">DDiamond Art<\/span><\/p>\t\t\t\t\t\t\t\t<\/div>\n\t\t\t\t\t<\/div>\n\t\t\t\t<\/div>\n\t\t\t\t<\/div>","protected":false},"excerpt":{"rendered":"<p>ABOUT I grew up surrounded by art. Both my mother and my grandmother have always loved painting, expressing themselves through [&hellip;]<\/p>\n","protected":false},"author":1,"featured_media":0,"parent":0,"menu_order":0,"comment_status":"closed","ping_status":"closed","template":"elementor_header_footer","meta":{"site-sidebar-layout":"no-sidebar","site-content-layout":"","ast-site-content-layout":"full-width-container","site-content-style":"default","site-sidebar-style":"default","ast-global-header-display":"","ast-banner-title-visibility":"","ast-main-header-display":"","ast-hfb-above-header-display":"","ast-hfb-below-header-display":"","ast-hfb-mobile-header-display":"","site-post-title":"","ast-breadcrumbs-content":"","ast-featured-img":"disabled","footer-sml-layout":"","ast-disable-related-posts":"","theme-transparent-header-meta":"","adv-header-id-meta":"","stick-header-meta":"","header-above-stick-meta":"","header-main-stick-meta":"","header-below-stick-meta":"","astra-migrate-meta-layouts":"default","ast-page-background-enabled":"default","ast-page-background-meta":{"desktop":{"background-color":"var(--ast-global-color-5)","background-image":"","background-repeat":"repeat","background-position":"center center","background-size":"auto","background-attachment":"scroll","background-type":"","background-media":"","overlay-type":"","overlay-color":"","overlay-opacity":"","overlay-gradient":""},"tablet":{"background-color":"","background-image":"","background-repeat":"repeat","background-position":"center center","background-size":"auto","background-attachment":"scroll","background-type":"","background-media":"","overlay-type":"","overlay-color":"","overlay-opacity":"","overlay-gradient":""},"mobile":{"background-color":"","background-image":"","background-repeat":"repeat","background-position":"center center","background-size":"auto","background-attachment":"scroll","background-type":"","background-media":"","overlay-type":"","overlay-color":"","overlay-opacity":"","overlay-gradient":""}},"ast-content-background-meta":{"desktop":{"background-color":"var(--ast-global-color-4)","background-image":"","background-repeat":"repeat","background-position":"center center","background-size":"auto","background-attachment":"scroll","background-type":"","background-media":"","overlay-type":"","overlay-color":"","overlay-opacity":"","overlay-gradient":""},"tablet":{"background-color":"var(--ast-global-color-4)","background-image":"","background-repeat":"repeat","background-position":"center center","background-size":"auto","background-attachment":"scroll","background-type":"","background-media":"","overlay-type":"","overlay-color":"","overlay-opacity":"","overlay-gradient":""},"mobile":{"background-color":"var(--ast-global-color-4)","background-image":"","background-repeat":"repeat","background-position":"center center","background-size":"auto","background-attachment":"scroll","background-type":"","background-media":"","overlay-type":"","overlay-color":"","overlay-opacity":"","overlay-gradient":""}},"footnotes":""},"class_list":["post-184","page","type-page","status-publish","hentry"],"_hostinger_reach_plugin_has_subscription_block":false,"_hostinger_reach_plugin_is_elementor":false,"_links":{"self":[{"href":"https:\/\/ddiamondart.com\/it\/wp-json\/wp\/v2\/pages\/184","targetHints":{"allow":["GET"]}}],"collection":[{"href":"https:\/\/ddiamondart.com\/it\/wp-json\/wp\/v2\/pages"}],"about":[{"href":"https:\/\/ddiamondart.com\/it\/wp-json\/wp\/v2\/types\/page"}],"author":[{"embeddable":true,"href":"https:\/\/ddiamondart.com\/it\/wp-json\/wp\/v2\/users\/1"}],"replies":[{"embeddable":true,"href":"https:\/\/ddiamondart.com\/it\/wp-json\/wp\/v2\/comments?post=184"}],"version-history":[{"count":160,"href":"https:\/\/ddiamondart.com\/it\/wp-json\/wp\/v2\/pages\/184\/revisions"}],"predecessor-version":[{"id":2480,"href":"https:\/\/ddiamondart.com\/it\/wp-json\/wp\/v2\/pages\/184\/revisions\/2480"}],"wp:attachment":[{"href":"https:\/\/ddiamondart.com\/it\/wp-json\/wp\/v2\/media?parent=184"}],"curies":[{"name":"wp","href":"https:\/\/api.w.org\/{rel}","templated":true}]}}