{"id":2359,"date":"2026-04-09T13:39:57","date_gmt":"2026-04-09T13:39:57","guid":{"rendered":"https:\/\/ddiamondart.com\/?page_id=2359"},"modified":"2026-04-09T13:46:14","modified_gmt":"2026-04-09T13:46:14","slug":"terms","status":"publish","type":"page","link":"https:\/\/ddiamondart.com\/it\/terms\/","title":{"rendered":""},"content":{"rendered":"<div data-elementor-type=\"wp-page\" data-elementor-id=\"2359\" class=\"elementor elementor-2359\" data-elementor-post-type=\"page\">\n\t\t\t\t<div class=\"elementor-element elementor-element-91a85ea e-flex e-con-boxed e-con e-parent\" data-id=\"91a85ea\" data-element_type=\"container\" data-e-type=\"container\">\n\t\t\t\t\t<div class=\"e-con-inner\">\n\t\t\t\t<div class=\"elementor-element elementor-element-275d481 elementor-invisible elementor-widget elementor-widget-heading\" data-id=\"275d481\" data-element_type=\"widget\" data-e-type=\"widget\" data-settings=\"{&quot;_animation&quot;:&quot;fadeInUp&quot;}\" data-widget_type=\"heading.default\">\n\t\t\t\t\t<h2 class=\"elementor-heading-title elementor-size-default\">TERMS &amp; CONDITIONS<\/h2>\t\t\t\t<\/div>\n\t\t\t\t\t<\/div>\n\t\t\t\t<\/div>\n\t\t<div class=\"elementor-element elementor-element-1f07624 e-flex e-con-boxed e-con e-parent\" data-id=\"1f07624\" data-element_type=\"container\" data-e-type=\"container\">\n\t\t\t\t\t<div class=\"e-con-inner\">\n\t\t\t\t<div class=\"elementor-element elementor-element-a477af5 elementor-widget elementor-widget-text-editor\" data-id=\"a477af5\" data-element_type=\"widget\" data-e-type=\"widget\" data-widget_type=\"text-editor.default\">\n\t\t\t\t\t\t\t\t\t<p>Accedendo a questo sito e richiedendo informazioni, commissioni private o acquisizioni di opere, accetti i seguenti termini e condizioni.<br \/><br \/>Tutte le opere presentate su DDiamond Art sono creazioni originali, esclusive e uniche.<br \/><br \/>Ogni pezzo \u00e8 irripetibile e pu\u00f2 includere un certificato di autenticit\u00e0 e, ove specificato, un video esclusivo che ne documenta la creazione.<br \/><br \/>Alcune acquisizioni possono essere completate tramite piattaforme esterne affidabili come Etsy, soggette ai propri termini, politiche di pagamento e regole di protezione dell\u2019acquirente.<br \/><br \/>I prezzi vengono forniti privatamente su richiesta e possono variare in base all\u2019opera, alle esigenze della commissione e alla destinazione di spedizione.<br \/><br \/>Tutte le vendite effettuate tramite piattaforme esterne sono soggette ai termini e condizioni della piattaforma stessa.<br \/><br \/>A causa della natura esclusiva, personalizzata e unica di ciascuna opera, resi, cambi o rimborsi potrebbero non essere disponibili salvo quanto previsto dalla legge applicabile.<br \/><br \/>DDiamond Art si riserva il diritto di rifiutare richieste private, commissioni o servizi a propria discrezione.<br \/><br \/>Per qualsiasi domanda relativa ad acquisizioni, spedizione o termini, contattaci a:<br \/><br \/><a href=\"mailto:info@ddiamondart.com\" target=\"_blank\" rel=\"noopener\">info@ddiamondart.com<\/a><\/p>\t\t\t\t\t\t\t\t<\/div>\n\t\t\t\t\t<\/div>\n\t\t\t\t<\/div>\n\t\t\t\t<\/div>","protected":false},"excerpt":{"rendered":"<p>TERMS &amp; CONDITIONS By accessing this website and requesting information, private commissions, or artwork acquisitions, you agree to the following [&hellip;]<\/p>\n","protected":false},"author":1,"featured_media":0,"parent":0,"menu_order":0,"comment_status":"closed","ping_status":"closed","template":"","meta":{"site-sidebar-layout":"no-sidebar","site-content-layout":"","ast-site-content-layout":"full-width-container","site-content-style":"default","site-sidebar-style":"default","ast-global-header-display":"","ast-banner-title-visibility":"","ast-main-header-display":"","ast-hfb-above-header-display":"","ast-hfb-below-header-display":"","ast-hfb-mobile-header-display":"","site-post-title":"","ast-breadcrumbs-content":"","ast-featured-img":"disabled","footer-sml-layout":"","ast-disable-related-posts":"","theme-transparent-header-meta":"","adv-header-id-meta":"","stick-header-meta":"","header-above-stick-meta":"","header-main-stick-meta":"","header-below-stick-meta":"","astra-migrate-meta-layouts":"default","ast-page-background-enabled":"default","ast-page-background-meta":{"desktop":{"background-color":"var(--ast-global-color-5)","background-image":"","background-repeat":"repeat","background-position":"center center","background-size":"auto","background-attachment":"scroll","background-type":"","background-media":"","overlay-type":"","overlay-color":"","overlay-opacity":"","overlay-gradient":""},"tablet":{"background-color":"","background-image":"","background-repeat":"repeat","background-position":"center center","background-size":"auto","background-attachment":"scroll","background-type":"","background-media":"","overlay-type":"","overlay-color":"","overlay-opacity":"","overlay-gradient":""},"mobile":{"background-color":"","background-image":"","background-repeat":"repeat","background-position":"center center","background-size":"auto","background-attachment":"scroll","background-type":"","background-media":"","overlay-type":"","overlay-color":"","overlay-opacity":"","overlay-gradient":""}},"ast-content-background-meta":{"desktop":{"background-color":"var(--ast-global-color-4)","background-image":"","background-repeat":"repeat","background-position":"center center","background-size":"auto","background-attachment":"scroll","background-type":"","background-media":"","overlay-type":"","overlay-color":"","overlay-opacity":"","overlay-gradient":""},"tablet":{"background-color":"var(--ast-global-color-4)","background-image":"","background-repeat":"repeat","background-position":"center center","background-size":"auto","background-attachment":"scroll","background-type":"","background-media":"","overlay-type":"","overlay-color":"","overlay-opacity":"","overlay-gradient":""},"mobile":{"background-color":"var(--ast-global-color-4)","background-image":"","background-repeat":"repeat","background-position":"center center","background-size":"auto","background-attachment":"scroll","background-type":"","background-media":"","overlay-type":"","overlay-color":"","overlay-opacity":"","overlay-gradient":""}},"footnotes":""},"class_list":["post-2359","page","type-page","status-publish","hentry"],"_hostinger_reach_plugin_has_subscription_block":false,"_hostinger_reach_plugin_is_elementor":false,"_links":{"self":[{"href":"https:\/\/ddiamondart.com\/it\/wp-json\/wp\/v2\/pages\/2359","targetHints":{"allow":["GET"]}}],"collection":[{"href":"https:\/\/ddiamondart.com\/it\/wp-json\/wp\/v2\/pages"}],"about":[{"href":"https:\/\/ddiamondart.com\/it\/wp-json\/wp\/v2\/types\/page"}],"author":[{"embeddable":true,"href":"https:\/\/ddiamondart.com\/it\/wp-json\/wp\/v2\/users\/1"}],"replies":[{"embeddable":true,"href":"https:\/\/ddiamondart.com\/it\/wp-json\/wp\/v2\/comments?post=2359"}],"version-history":[{"count":10,"href":"https:\/\/ddiamondart.com\/it\/wp-json\/wp\/v2\/pages\/2359\/revisions"}],"predecessor-version":[{"id":2374,"href":"https:\/\/ddiamondart.com\/it\/wp-json\/wp\/v2\/pages\/2359\/revisions\/2374"}],"wp:attachment":[{"href":"https:\/\/ddiamondart.com\/it\/wp-json\/wp\/v2\/media?parent=2359"}],"curies":[{"name":"wp","href":"https:\/\/api.w.org\/{rel}","templated":true}]}}